{"id":3251,"date":"2016-08-24T12:44:34","date_gmt":"2016-08-24T10:44:34","guid":{"rendered":"http:\/\/vupp.carc.cz\/domains\/vupp.carc.cz\/new\/?page_id=3251"},"modified":"2023-08-07T17:18:20","modified_gmt":"2023-08-07T15:18:20","slug":"research","status":"publish","type":"page","link":"https:\/\/vupp.carc.cz\/domains\/vupp.carc.cz\/en\/research\/","title":{"rendered":"Research"},"content":{"rendered":"<p>[vc_row][vc_column]\n\t\t\t<!-- START v\u00fdzkum REVOLUTION SLIDER 6.0.9 --><p class=\"rs-p-wp-fix\"><\/p>\n\t\t\t<rs-module-wrap id=\"rev_slider_48_1_wrapper\" data-source=\"gallery\" style=\"background:transparent;padding:0;margin:0px auto;margin-top:0;margin-bottom:0;\">\n\t\t\t\t<rs-module id=\"rev_slider_48_1\" style=\"display:none;\" data-version=\"6.0.9\">\n\t\t\t\t\t<rs-slides>\n\t\t\t\t\t\t<rs-slide data-key=\"rs-126\" data-title=\"Slide\" data-thumb=\"\/\/vupp.carc.cz\/domains\/vupp.carc.cz\/wp-content\/uploads\/2016\/12\/Slide8-180x100.jpg\" data-anim=\"ei:d;eo:d;s:600;r:0;t:fade;sl:d;\">\n\t\t\t\t\t\t\t<img decoding=\"async\" src=\"\/\/vupp.carc.cz\/domains\/vupp.carc.cz\/wp-content\/plugins\/revslider\/public\/assets\/assets\/dummy.png\" title=\"Research\" data-lazyload=\"\/\/vupp.carc.cz\/domains\/vupp.carc.cz\/wp-content\/uploads\/2016\/12\/Slide8.jpg\" class=\"rev-slidebg\" data-no-retina>\n<!---->\t\t\t\t\t\t<\/rs-slide>\n\t\t\t\t\t\t<rs-slide data-key=\"rs-125\" data-title=\"Slide\" data-thumb=\"\/\/vupp.carc.cz\/domains\/vupp.carc.cz\/wp-content\/uploads\/2016\/12\/Slide7-180x100.jpg\" data-anim=\"ei:d;eo:d;s:300;r:0;t:fade;sl:7;\">\n\t\t\t\t\t\t\t<img decoding=\"async\" src=\"\/\/vupp.carc.cz\/domains\/vupp.carc.cz\/wp-content\/plugins\/revslider\/public\/assets\/assets\/dummy.png\" title=\"Research\" data-lazyload=\"\/\/vupp.carc.cz\/domains\/vupp.carc.cz\/wp-content\/uploads\/2016\/12\/Slide7.jpg\" class=\"rev-slidebg\" data-no-retina>\n<!---->\t\t\t\t\t\t<\/rs-slide>\n\t\t\t\t\t<\/rs-slides>\n\t\t\t\t\t<rs-progress style=\"height: 5px; background: rgba(0,0,0,0.15);\"><\/rs-progress>\n\t\t\t\t<\/rs-module>\n\t\t\t<\/rs-module-wrap>\n\t\t\t<!-- END REVOLUTION SLIDER -->\n[vc_empty_space height=&#8220;50px&#8220;][\/vc_column][\/vc_row][vc_row][vc_column][vc_custom_heading text=&#8220;Research&#8220; font_container=&#8220;tag:h1|font_size:56|text_align:left|color:%23134793&#8243; google_fonts=&#8220;font_family:Montserrat%3Aregular%2C700|font_style:400%20regular%3A400%3Anormal&#8220;][vc_tta_tour][vc_tta_section title=&#8220;Research activity&#8220; tab_id=&#8220;Research&#8220;]<div class=\" text-left\"><div class=\"custom-heading   \"  ><h2>Research activity<\/h2><span class=\"custom-heading-delim\" style=\"width:30px;\"><\/span><\/div><\/div>[vc_column_text]<\/p>\n<p style=\"text-align: justify;\"><strong>Projects of Ministry of Agriculture of the Czech Republic<\/strong><br \/>\nQJ1310219 Wheat with specific starch composition and features for food and non-food purposes.<br \/>\nQJ1210257 Improvement of nutritional, dietetic and sensory properties of domestic, alternative and small-scale cereals and their mill products by technological processes with use of fermentative effect of lactic acid bacteria.<br \/>\n<strong>Technology Agency of the Czech Republic<\/strong><br \/>\nTA03010625 New materials and technology for development of multiplex test for complex diagnostics in medicine and food allergens detection<br \/>\n<strong>Food TIP &#8211; ProjeCt HighTech Europe<\/strong><br \/>\nVideo: <a href=\"http:\/\/youtu.be\/jzDmU63MjdE\">Http:\/\/Youtu.Be\/JzDmU63MjdE<\/a><\/p>\n<p>[\/vc_column_text][vc_single_image image=&#8220;3018&#8243; img_size=&#8220;medium&#8220; onclick=&#8220;custom_link&#8220; link=&#8220;http:\/\/www.hightecheurope.eu\/&#8220;][\/vc_tta_section][vc_tta_section title=&#8220;Projects&#8220; tab_id=&#8220;projects&#8220;]<div class=\" text-left\"><div class=\"custom-heading   \"  ><h2>Projekty<\/h2><span class=\"custom-heading-delim\" style=\"width:30px;\"><\/span><\/div><\/div><div class=\"post-content  post-block post-3-columns post-light-background clearfix\"><div class=\"post-item\"  ><div class=\"post-content-details\"><div class=\"post-title\"><h3><a href=\"https:\/\/vupp.carc.cz\/domains\/vupp.carc.cz\/en\/projects-of-2015\/\">Projects of 2015<\/a><\/h3><\/div><div class=\"post-description\"><p>The main activities of the institute consisted in fulfilling the research plan and working on the research projects of the&hellip;<\/p>\n<div class=\"post-info\"><a class=\"read-more\" href=\"https:\/\/vupp.carc.cz\/domains\/vupp.carc.cz\/en\/projects-of-2015\/\">Cel\u00fd \u010dl\u00e1nek<i class=\"fa fa-long-arrow-right\"><\/i><\/a><\/div><\/div><\/div><\/div><div class=\"post-item\"  ><div class=\"post-content-details\"><div class=\"post-title\"><h3><a href=\"https:\/\/vupp.carc.cz\/domains\/vupp.carc.cz\/en\/projects-of-2014\/\">Projects of 2014<\/a><\/h3><\/div><div class=\"post-description\"><p>Results of main activities 2014 The results achieved in various projects, in research suported by grants and by the work&hellip;<\/p>\n<div class=\"post-info\"><a class=\"read-more\" href=\"https:\/\/vupp.carc.cz\/domains\/vupp.carc.cz\/en\/projects-of-2014\/\">Cel\u00fd \u010dl\u00e1nek<i class=\"fa fa-long-arrow-right\"><\/i><\/a><\/div><\/div><\/div><\/div><\/div>[\/vc_tta_section][vc_tta_section title=&#8220;Co-operation&#8220; tab_id=&#8220;co-operation&#8220;]<div class=\" text-left\"><div class=\"custom-heading   \"  ><h2>Cooperating organizations and institutions<\/h2><span class=\"custom-heading-delim\" style=\"width:30px;\"><\/span><\/div><\/div>[vc_column_text]<\/p>\n<p style=\"text-align: justify;\"><b>Cooperation at national level<\/b><br \/>\nIn research projects the institute cooperates with:<\/p>\n<p><i>1. research institutions and universities<\/i><\/p>\n<ul>\n<li>Agricultural Research, Ltd.<\/li>\n<li>AGRITEC, Research, Breeding &amp; Services, s.r.o.<\/li>\n<li>Agrotest fyto, s.r.o.<\/li>\n<li>Charles University, 1st, 2nd and 3rd Faculty of Medicine, Faculty of Medicine in Hradec Kr\u00e1lov\u00e9<\/li>\n<li>Crop Research Institute<\/li>\n<li>Czech Technical University in Prague, Faculty of Mechanical Engineering<\/li>\n<li>Czech University of Life Sciences Prague, Faculty of Agrobiology, Food and Natural Resources, Faculty of Engineering<\/li>\n<li>Hop Research Institute, Ltd.<\/li>\n<li>Faculty Hospital, Hradec Kr\u00e1lov\u00e9<\/li>\n<li>Immunotech, Plc.<\/li>\n<li>Institute for Clinical and Experimental Medicine (IKEM) in Prague<\/li>\n<li>Institute of Agricultural Economics and Information<\/li>\n<li>Institute of Analytical Chemistry of the Academy of Sciences of the Czech Republic<\/li>\n<li>Institute of Chemical Technology Prague, Faculty of Food and Biochemical Technology<\/li>\n<li>Institute of Microbiology of the Academy of Sciences of the Czech Republic<\/li>\n<li>Institute of Systems Biology and Ecology of the Academy of Sciences of the Czech Republic<\/li>\n<li>Masaryk University in Brno, Faculty of Medicine<\/li>\n<li>Mendel University in Brno, Faculty of Agronomy, Faculty of Horticulture<\/li>\n<li>MILCOM, Plc. (Dairy Research Institute, Prague)<\/li>\n<li>OSEVA PRO Ltd.<\/li>\n<li>Research and Breeding Institute of Pomology Holovousy Ltd.<\/li>\n<li>Research Institute for Fodder Crops, Ltd. Troubsko<\/li>\n<li>Research Institute of Agricultural Engineering<\/li>\n<li>Research Institute of Animal Production<\/li>\n<li>Research Institute of Brewing and Malting, Plc.<\/li>\n<li>Tomas Bata University in Zlin<\/li>\n<li>University of South Bohemia, \u010cesk\u00e9 Bud\u011bjovice<\/li>\n<li>Veterinary Research Institute, Brno<\/li>\n<li>VUC Praha a.s.<\/li>\n<\/ul>\n<p>2. entrepreneurial entities<\/p>\n<ul>\n<li>Adler Wellness Produkte s.r.o.<\/li>\n<li>AGRA GROUP s.r.o.<\/li>\n<li>AMR AMARANTH, a.s.<\/li>\n<li>Beskyd Fry\u010dovice, a.s.<\/li>\n<li>C2P, s.r.o.<\/li>\n<li>CANNABIS, s.r.o.<\/li>\n<li>Extrudo Bu\u010dice<\/li>\n<li>HEMP PRODUCTION, s.r.o.<\/li>\n<li>INOTEX spol. s r.o.<\/li>\n<li>Jizersk\u00e9 pek\u00e1rny, spol. s r.o.<\/li>\n<li>Karlova pek\u00e1rna s.r.o.<\/li>\n<li>\n<p class=\"western\" align=\"JUSTIFY\">KITL s.r.o.<\/p>\n<\/li>\n<li>Milan Libich<\/li>\n<li>Parenteral a.s.<\/li>\n<li>PRO-BIO, obchodn\u00ed spol. s r.o.<\/li>\n<li>RUDOLF JEL\u00cdNEK a.s.<\/li>\n<li>SEDIUM RD s.r.o.<\/li>\n<li>SUNFOOD s.r.o.<\/li>\n<li>TEREZIA COMPANY s.r.o.<\/li>\n<li>Vina\u0159stv\u00ed Valtice s.r.o.<\/li>\n<li>Z\u00e1meck\u00e9 sady Chr\u00e1mce<\/li>\n<\/ul>\n<p><i>3. medical workplaces<\/i><\/p>\n<ul>\n<li>IMUMED s.r.o.<\/li>\n<li>MUDr. Radek Klubal<\/li>\n<li>National Institute of Public Health<\/li>\n<li>STOB<\/li>\n<\/ul>\n<p><i>4. others<\/i><\/p>\n<ul>\n<li>Czech Technology Platform &#8211; Food for Life<\/li>\n<li>Globus<\/li>\n<li>Center for Coeliac Diet, civil association<\/li>\n<li>Federation of Foods and Drinks Industries CR<\/li>\n<li>Coeliac Association CR<\/li>\n<li>Consumers Defence Association<\/li>\n<li>Czech Agriculture and Food Inspection Authority<\/li>\n<li>State Veterinary Institute in Jihlava<\/li>\n<li>Scientific Committee for GMO<\/li>\n<li>Scientific Committee of Phytosanitary<\/li>\n<li>A South Bohemian cluster. \u201eIt tastes great, in a South Bohemian way\u201c<\/li>\n<\/ul>\n<p style=\"text-align: justify;\"><i>4a) Cooperation with the Czech Technological Platform for Foodstuffs<\/i><br \/>\nInstitute participates on the activity of working group \u201cBarley\u201d.<br \/>\nVery valuable common activity is the operation of interactive databaze of glutenfree food<br \/>\nproducts.<br \/>\n<i>4b) cooperation with Globus<\/i><br \/>\nInstitute is engaged in regular analyses of glutenfree foodproducts from the Globus chain<br \/>\ndistribution.<i><br \/>\n4c) Cooperation with the scientifical boards<\/i><br \/>\nInstitute works out expert opinions.<\/p>\n<p>[\/vc_column_text][\/vc_tta_section][vc_tta_section title=&#8220;Participation on the activities of<br \/>\nexpert bodies and committees&#8220; tab_id=&#8220;committees&#8220;]<div class=\" text-left\"><div class=\"custom-heading   \"  ><h2>Participation on the activities of expert bodies and committees<\/h2><span class=\"custom-heading-delim\" style=\"width:30px;\"><\/span><\/div><\/div>[vc_column_text]The Institute\u00b4s professionals participated in the activities of the following bodies and institutions:<\/p>\n<p><b>The institute is represented in the following international boards and committees<\/b><\/p>\n<ul>\n<li>Association of pressure appliance operators<\/li>\n<li>Eucarpia \u2013 European Association for plant research<\/li>\n<li>Committee D1 Food Storage in International Cooling Institute<\/li>\n<li>Committee for Healthy Food and Fodder OECD<\/li>\n<li>Editorial Board of International Journal of Food Properties<\/li>\n<li>Editorial Board of Journal of Food Engineering<\/li>\n<li>Editorial Board of the Czech Journal of Food Sciences<\/li>\n<\/ul>\n<p><b>Participation on the activities of expert national bodies and committees<\/b><\/p>\n<ul>\n<li>Agrarian Chamber of Prague, Executive Board<\/li>\n<li>Czech Academy of Agricultural Sciences (CAAS), Chairmen\u00b4s Board, Advisory Board<\/li>\n<li>Czech Academy of Agricultural Sciences (CAAS), Section of food technology and engineering<\/li>\n<li>Czech Academy of Agricultural Sciences (CAAS), Section of human nutrition and food quality<\/li>\n<li>Czech Biotechnological Society, National Committee<\/li>\n<li>Czech Committee for Food Sciences and Technologies (at the Czech Academy of Sciences)<\/li>\n<li>Czech Food Society<\/li>\n<li>Czech Chemical Society, Expert Group for Fermentation Chemistry and Bioengineering<\/li>\n<li>Czech Chemical Society, Expert Group for Food and Agricultural Chemistry<\/li>\n<li>Czech Chemical Society, Expert Group for Rheology<\/li>\n<li>Czech National Committee for cooperation with the International Institute of Refrigeration (at the Ministry of Industry and Trade)<\/li>\n<li>Czech Technological Platform for Foods \u2013 respresentative of the priority Food quality<\/li>\n<li>Society for Nutrition, Prague and Central Bohemia Branch Committees<\/li>\n<li>Board of Directors of the Czech Academy of Agricultural Sciences<\/li>\n<li>Council of the Czech Academy of Agricultural Sciences<\/li>\n<li>Section for organic foods of the Federation of the Food and Drink Industries of the Czech Republic<\/li>\n<li>Society for Probiotics and Prebiotics<\/li>\n<\/ul>\n<p><b>Assessing committees<\/b><\/p>\n<ul>\n<li>Assessing commission for applications for granting the national grade lavel KLASA<\/li>\n<li>Assessing committee for the programme of rural development<\/li>\n<li>Ministry of Agriculture, Value board for extraordinary results in research and development, Board of Research Program, Value commission of subprograms<\/li>\n<li>Ministry of Education, Youth and Sports, Assessing committee for the National programme of the research No.II, chamber 2B<\/li>\n<li>Czech Science Foundation &#8211; panel P503 \u2013 Food science, ecotoxicology and environmental chemistry<\/li>\n<li>Technology Agency of the Czech Republic \u2013 advisory committee of subprogramme 2 of programme Alpha<\/li>\n<li>Assessing committee for product assessment for granting the \u201c\u010cesk\u00e1 chu\u0165ovka\u201c quality label<\/li>\n<\/ul>\n<p><b>Expert committees<\/b><\/p>\n<ul>\n<li>Czech Academy of Agricultural Sciences (CAAS), Board for the terminological dictionary<\/li>\n<li>Editorial Board of the journal Nutrition and Food<\/li>\n<li>Interbranch commission for iodine deficit solution<\/li>\n<li>Ministry of Agriculture, Group for Cereals, Oilseeds and Starch<\/li>\n<li>Research Institute of Professional Education, Food Science section<\/li>\n<\/ul>\n<p>[\/vc_column_text][\/vc_tta_section][vc_tta_section title=&#8220;Teaching, educational and consulting activities&#8220; tab_id=&#8220;activities&#8220;]<div class=\" text-left\"><div class=\"custom-heading   \"  ><h2>Teaching, educational and consulting activities<\/h2><span class=\"custom-heading-delim\" style=\"width:30px;\"><\/span><\/div><\/div>[vc_column_text]<\/p>\n<p style=\"text-align: justify;\"><b>Teaching<\/b><\/p>\n<p style=\"text-align: justify;\">The institute has also been committed to a long-term teaching cooperation with Institute of Chemical Technology, Prague, Czech Technical University in Prague and Czech University of Life Sciences Prague in lecturing and in supervising or consulting diploma works and dissertations. One employee of the institute is a lecturer at University, the Faculty of Medicine and one employee at Czech Technical University, one employee at Czech University of Life Sciences Prague (courses for foreign students).<\/p>\n<p style=\"text-align: justify;\"><b>The institute is represented in:<\/b><\/p>\n<ul style=\"text-align: justify;\">\n<li>Mechanical Faculty of the Czech Technical University Prague, State Examining Commitee for doctoral thesis in the field Construction of production machinery, section of chemistry and food industry machinery,<\/li>\n<li>Mechanical Faculty of the Czech Technical University Prague, State Examining Commitee for State Final Examinations in study field Machinery for chemistry, food and consumer industries<\/li>\n<li>Faculty of Food and Biochemical Technology, Institute of Chemical Technology Prague, Examining Commitee for diploma works in the field of food chemistry<\/li>\n<li>Charles University, 3th Medical Faculty, State final examinations board<\/li>\n<li>Board of Scientists of the Faculty of Food and Biochemical Technology, Institute of Chemical Technology Prague<\/li>\n<li>Board of Scientists of the Faculty of Engineering of the University of Life Sciences Prague<\/li>\n<li>Board of Scientists of the Dairy Research Institute<\/li>\n<\/ul>\n<p style=\"text-align: justify;\"><b>Educational activities<\/b><\/p>\n<p style=\"text-align: justify;\">As a part of educational activities the institute organized, or co-organized, the following events:<\/p>\n<ul style=\"text-align: justify;\">\n<li>Workshop \u201cTheory and practice of water activity measurement and its significance for increasing<br \/>\nfood safety\u201d Prague, March and November 2011 (CTPF)<\/li>\n<li>XLIth Symposium on new trends in food processing and evaluation, Skalsk\u00fd Dv\u016fr, May 2011 (coorganizer)<\/li>\n<li>The 23rd IIR International Congress of Refrigeration, August 21. \u2013 26. 2011, Praque, Czech Republic<\/li>\n<\/ul>\n<p style=\"text-align: justify;\">As a part of educational activities, the institute\u2018s researchers spoke at specialized events:<\/p>\n<ul style=\"text-align: justify;\">\n<li>6th Celiac Forum, Prague, April 2011<\/li>\n<li>Postgraduate courses in obesitology, EU Prague, November 2011 (subject Food Table)<\/li>\n<li>Workshop on the World Food Day, Prague, October 2011<\/li>\n<li>Food Tuesday Czech Food Society, May 2011, thema Food Myths<\/li>\n<li>Fats Seminary, May 2011, thema Myths on Food and Nutrition<\/li>\n<li>The Ingr Days, Brno, March 2011, thema Myths on Food and Nutrition<\/li>\n<li>\u201cFood Safety, Quality and Nutrition Course\u201d, Czech University of Life Sciences Prague, August 2011<\/li>\n<\/ul>\n<p style=\"text-align: justify;\"><b>Consulting activities<\/b><br \/>\nConsultancy is an integral part of institutional activities. The institute\u2018s specialists currently provide consulting and advisory services to interested industries and companies on problems related to research topics of respective laboratories. Minor consulting is provided free of charge. Extensive consulting activities are carried out in the realm of integrated prevention and pollution control (IPPC). The institute\u2018s professionals became a part of the information system of the Institute of agricultural and food information called INFOPULT, which helps to find answers to questions asked by the general public. The database of food products for gluten free diet, which is accessible from the web site of the institute, can be also considered as one of the advisory services provided.<\/p>\n<p>[\/vc_column_text][\/vc_tta_section][\/vc_tta_tour][\/vc_column][\/vc_row]<\/p>\n","protected":false},"excerpt":{"rendered":"<p>[vc_row][vc_column][vc_empty_space height=&#8220;50px&#8220;][\/vc_column][\/vc_row][vc_row][vc_column][vc_custom_heading text=&#8220;Research&#8220; font_container=&#8220;tag:h1|font_size:56|text_align:left|color:%23134793&#8243; google_fonts=&#8220;font_family:Montserrat%3Aregular%2C700|font_style:400%20regular%3A400%3Anormal&#8220;][vc_tta_tour][vc_tta_section title=&#8220;Research activity&#8220; tab_id=&#8220;Research&#8220;][vc_column_text] Projects of Ministry of Agriculture of the Czech Republic QJ1310219 Wheat with specific starch composition and features for food and non-food purposes. QJ1210257 Improvement of nutritional, dietetic and sensory properties of domestic, alternative and small-scale cereals and their mill products by technological processes with use of fermentative [&hellip;]<\/p>\n","protected":false},"author":10,"featured_media":0,"parent":0,"menu_order":0,"comment_status":"closed","ping_status":"closed","template":"","meta":{"footnotes":""},"class_list":["post-3251","page","type-page","status-publish","hentry"],"_links":{"self":[{"href":"https:\/\/vupp.carc.cz\/domains\/vupp.carc.cz\/wp-json\/wp\/v2\/pages\/3251","targetHints":{"allow":["GET"]}}],"collection":[{"href":"https:\/\/vupp.carc.cz\/domains\/vupp.carc.cz\/wp-json\/wp\/v2\/pages"}],"about":[{"href":"https:\/\/vupp.carc.cz\/domains\/vupp.carc.cz\/wp-json\/wp\/v2\/types\/page"}],"author":[{"embeddable":true,"href":"https:\/\/vupp.carc.cz\/domains\/vupp.carc.cz\/wp-json\/wp\/v2\/users\/10"}],"replies":[{"embeddable":true,"href":"https:\/\/vupp.carc.cz\/domains\/vupp.carc.cz\/wp-json\/wp\/v2\/comments?post=3251"}],"version-history":[{"count":8,"href":"https:\/\/vupp.carc.cz\/domains\/vupp.carc.cz\/wp-json\/wp\/v2\/pages\/3251\/revisions"}],"predecessor-version":[{"id":7738,"href":"https:\/\/vupp.carc.cz\/domains\/vupp.carc.cz\/wp-json\/wp\/v2\/pages\/3251\/revisions\/7738"}],"wp:attachment":[{"href":"https:\/\/vupp.carc.cz\/domains\/vupp.carc.cz\/wp-json\/wp\/v2\/media?parent=3251"}],"curies":[{"name":"wp","href":"https:\/\/api.w.org\/{rel}","templated":true}]}}